{"id":74,"date":"2019-01-09T18:32:35","date_gmt":"2019-01-09T18:32:35","guid":{"rendered":"http:\/\/schreinerei-allbach.de\/?page_id=74"},"modified":"2024-03-06T15:20:00","modified_gmt":"2024-03-06T15:20:00","slug":"unsere-arbeiten","status":"publish","type":"page","link":"https:\/\/schreinerei-allbach.de\/?page_id=74","title":{"rendered":"Unsere Arbeiten"},"content":{"rendered":"<div id=\"pl-74\"  class=\"panel-layout\" ><div id=\"pg-74-0\"  class=\"panel-grid panel-no-style\" ><div id=\"pgc-74-0-0\"  class=\"panel-grid-cell\" ><div id=\"panel-74-0-0-0\" class=\"so-panel widget widget_sow-editor panel-first-child panel-last-child\" data-index=\"0\" ><div\n\t\t\t\n\t\t\tclass=\"so-widget-sow-editor so-widget-sow-editor-base\"\n\t\t\t\n\t\t>\n<div class=\"siteorigin-widget-tinymce textwidget\">\n\t<p><!-- wp:heading {\"level\":3} --><\/p>\n<h4 style=\"text-align: center;\">Auf dieser Seite finden Sie einen kleinen \u00dcberblick unser bisherigen Arbeiten aus den den Bereichen Hauseingangst\u00fcren,<br \/>\nB\u00fcroeinrichtungen, M\u00f6bel&nbsp;sowie Verglasungen.<br \/>\nGerne fertigen wir auch ganz individuelle L\u00f6sungen nach ihren W\u00fcnschen und Vorstellungen.<br \/>\nSprechen Sie uns doch einfach an !<\/h4>\n<p>&nbsp;<\/p>\n<p><!-- \/wp:heading --><!-- wp:separator --><\/p>\n<hr class=\"wp-block-separator\"\/>\n<p><!-- \/wp:separator --><!-- wp:image {\"id\":71} --><\/p>\n<figure><\/figure>\n<p><!-- \/wp:image --><!-- wp:paragraph --><\/p>\n<p><!-- \/wp:paragraph --><!-- wp:image {\"id\":87} --><\/p>\n<figure><\/figure>\n<p><!-- \/wp:image --><!-- wp:paragraph --><\/p>\n<p><!-- \/wp:paragraph --><!-- wp:image {\"id\":84} --><\/p>\n<figure><\/figure>\n<p><!-- \/wp:image --><!-- wp:heading --><\/p>\n<p><!-- \/wp:heading --><!-- wp:image {\"id\":68} --><\/p>\n<figure><\/figure>\n<p><!-- \/wp:image --><!-- wp:paragraph --><\/p>\n<p style=\"text-align: center;\">&nbsp;<\/p>\n<p><!-- \/wp:paragraph --><\/p>\n<\/div>\n<\/div><\/div><\/div><\/div><div id=\"pg-74-1\"  class=\"panel-grid panel-no-style\" ><div id=\"pgc-74-1-0\"  class=\"panel-grid-cell\" ><div id=\"panel-74-1-0-0\" class=\"so-panel widget widget_sow-image panel-first-child panel-last-child\" data-index=\"1\" ><div\n\t\t\t\n\t\t\tclass=\"so-widget-sow-image so-widget-sow-image-default-113ccd71f3e6-74\"\n\t\t\t\n\t\t>\n<div class=\"sow-image-container\">\n\t\t<img \n\tsrc=\"https:\/\/schreinerei-allbach.de\/wp-content\/uploads\/2024\/03\/Balkon-Veranda-und-Ueberdachung.png\" width=\"600\" height=\"600\" srcset=\"https:\/\/schreinerei-allbach.de\/wp-content\/uploads\/2024\/03\/Balkon-Veranda-und-Ueberdachung.png 600w, https:\/\/schreinerei-allbach.de\/wp-content\/uploads\/2024\/03\/Balkon-Veranda-und-Ueberdachung-300x300.png 300w, https:\/\/schreinerei-allbach.de\/wp-content\/uploads\/2024\/03\/Balkon-Veranda-und-Ueberdachung-150x150.png 150w\" sizes=\"(max-width: 600px) 100vw, 600px\" title=\"Balkon, Veranda und \u00dcberdachung\" alt=\"\" \t\tclass=\"so-widget-image\"\/>\n\t<\/div>\n\n<\/div><\/div><\/div><div id=\"pgc-74-1-1\"  class=\"panel-grid-cell\" ><div id=\"panel-74-1-1-0\" class=\"so-panel widget widget_sow-image panel-first-child panel-last-child\" data-index=\"2\" ><div\n\t\t\t\n\t\t\tclass=\"so-widget-sow-image so-widget-sow-image-default-113ccd71f3e6-74\"\n\t\t\t\n\t\t>\n<div class=\"sow-image-container\">\n\t\t<img \n\tsrc=\"https:\/\/schreinerei-allbach.de\/wp-content\/uploads\/2024\/03\/Aussentuer-mit-Glaselementen.png\" width=\"600\" height=\"600\" srcset=\"https:\/\/schreinerei-allbach.de\/wp-content\/uploads\/2024\/03\/Aussentuer-mit-Glaselementen.png 600w, https:\/\/schreinerei-allbach.de\/wp-content\/uploads\/2024\/03\/Aussentuer-mit-Glaselementen-300x300.png 300w, https:\/\/schreinerei-allbach.de\/wp-content\/uploads\/2024\/03\/Aussentuer-mit-Glaselementen-150x150.png 150w\" sizes=\"(max-width: 600px) 100vw, 600px\" title=\"Hauseingangst\u00fcre mit Glaselementen\" alt=\"\" \t\tclass=\"so-widget-image\"\/>\n\t<\/div>\n\n<\/div><\/div><\/div><div id=\"pgc-74-1-2\"  class=\"panel-grid-cell\" ><div id=\"panel-74-1-2-0\" class=\"so-panel widget widget_sow-image panel-first-child panel-last-child\" data-index=\"3\" ><div\n\t\t\t\n\t\t\tclass=\"so-widget-sow-image so-widget-sow-image-default-113ccd71f3e6-74\"\n\t\t\t\n\t\t>\n<div class=\"sow-image-container\">\n\t\t<img \n\tsrc=\"https:\/\/schreinerei-allbach.de\/wp-content\/uploads\/2024\/03\/Garagentor.png\" width=\"600\" height=\"600\" srcset=\"https:\/\/schreinerei-allbach.de\/wp-content\/uploads\/2024\/03\/Garagentor.png 600w, https:\/\/schreinerei-allbach.de\/wp-content\/uploads\/2024\/03\/Garagentor-300x300.png 300w, https:\/\/schreinerei-allbach.de\/wp-content\/uploads\/2024\/03\/Garagentor-150x150.png 150w\" sizes=\"(max-width: 600px) 100vw, 600px\" title=\"Garagentor\" alt=\"\" \t\tclass=\"so-widget-image\"\/>\n\t<\/div>\n\n<\/div><\/div><\/div><\/div><div id=\"pg-74-2\"  class=\"panel-grid panel-no-style\" ><div id=\"pgc-74-2-0\"  class=\"panel-grid-cell\" ><div id=\"panel-74-2-0-0\" class=\"so-panel widget widget_sow-editor panel-first-child panel-last-child\" data-index=\"4\" ><div\n\t\t\t\n\t\t\tclass=\"so-widget-sow-editor so-widget-sow-editor-base\"\n\t\t\t\n\t\t>\n<div class=\"siteorigin-widget-tinymce textwidget\">\n\t<p style=\"text-align: center;\"><strong>Balkon, Veranda und \u00dcberdachung<\/strong><\/p>\n<\/div>\n<\/div><\/div><\/div><div id=\"pgc-74-2-1\"  class=\"panel-grid-cell\" ><div id=\"panel-74-2-1-0\" class=\"so-panel widget widget_sow-editor panel-first-child panel-last-child\" data-index=\"5\" ><div\n\t\t\t\n\t\t\tclass=\"so-widget-sow-editor so-widget-sow-editor-base\"\n\t\t\t\n\t\t>\n<div class=\"siteorigin-widget-tinymce textwidget\">\n\t<p style=\"text-align: center;\"><strong>Hauseingangst\u00fcre mit Glaselementen<\/strong><\/p>\n<\/div>\n<\/div><\/div><\/div><div id=\"pgc-74-2-2\"  class=\"panel-grid-cell\" ><div id=\"panel-74-2-2-0\" class=\"so-panel widget widget_sow-editor panel-first-child panel-last-child\" data-index=\"6\" ><div\n\t\t\t\n\t\t\tclass=\"so-widget-sow-editor so-widget-sow-editor-base\"\n\t\t\t\n\t\t>\n<div class=\"siteorigin-widget-tinymce textwidget\">\n\t<p style=\"text-align: center;\"><strong>Garagentor<\/strong><\/p>\n<\/div>\n<\/div><\/div><\/div><\/div><div id=\"pg-74-3\"  class=\"panel-grid panel-no-style\" ><div id=\"pgc-74-3-0\"  class=\"panel-grid-cell\" ><div id=\"panel-74-3-0-0\" class=\"so-panel widget widget_sow-image panel-first-child panel-last-child\" data-index=\"7\" ><div\n\t\t\t\n\t\t\tclass=\"so-widget-sow-image so-widget-sow-image-default-113ccd71f3e6-74\"\n\t\t\t\n\t\t>\n<div class=\"sow-image-container\">\n\t\t<img \n\tsrc=\"https:\/\/schreinerei-allbach.de\/wp-content\/uploads\/2024\/03\/Bueromoebel.png\" width=\"600\" height=\"600\" srcset=\"https:\/\/schreinerei-allbach.de\/wp-content\/uploads\/2024\/03\/Bueromoebel.png 600w, https:\/\/schreinerei-allbach.de\/wp-content\/uploads\/2024\/03\/Bueromoebel-300x300.png 300w, https:\/\/schreinerei-allbach.de\/wp-content\/uploads\/2024\/03\/Bueromoebel-150x150.png 150w\" sizes=\"(max-width: 600px) 100vw, 600px\" title=\"B\u00fcrom\u00f6bel - Schreibtisch und Aktenschr\u00e4nke\" alt=\"\" \t\tclass=\"so-widget-image\"\/>\n\t<\/div>\n\n<\/div><\/div><\/div><div id=\"pgc-74-3-1\"  class=\"panel-grid-cell\" ><div id=\"panel-74-3-1-0\" class=\"so-panel widget widget_sow-image panel-first-child panel-last-child\" data-index=\"8\" ><div\n\t\t\t\n\t\t\tclass=\"so-widget-sow-image so-widget-sow-image-default-113ccd71f3e6-74\"\n\t\t\t\n\t\t>\n<div class=\"sow-image-container\">\n\t\t<img \n\tsrc=\"https:\/\/schreinerei-allbach.de\/wp-content\/uploads\/2024\/03\/Kommode.png\" width=\"600\" height=\"600\" srcset=\"https:\/\/schreinerei-allbach.de\/wp-content\/uploads\/2024\/03\/Kommode.png 600w, https:\/\/schreinerei-allbach.de\/wp-content\/uploads\/2024\/03\/Kommode-300x300.png 300w, https:\/\/schreinerei-allbach.de\/wp-content\/uploads\/2024\/03\/Kommode-150x150.png 150w\" sizes=\"(max-width: 600px) 100vw, 600px\" title=\"Kommode\" alt=\"\" \t\tclass=\"so-widget-image\"\/>\n\t<\/div>\n\n<\/div><\/div><\/div><div id=\"pgc-74-3-2\"  class=\"panel-grid-cell\" ><div id=\"panel-74-3-2-0\" class=\"so-panel widget widget_sow-image panel-first-child panel-last-child\" data-index=\"9\" ><div\n\t\t\t\n\t\t\tclass=\"so-widget-sow-image so-widget-sow-image-default-113ccd71f3e6-74\"\n\t\t\t\n\t\t>\n<div class=\"sow-image-container\">\n\t\t<img \n\tsrc=\"https:\/\/schreinerei-allbach.de\/wp-content\/uploads\/2024\/03\/Schrank.png\" width=\"600\" height=\"600\" srcset=\"https:\/\/schreinerei-allbach.de\/wp-content\/uploads\/2024\/03\/Schrank.png 600w, https:\/\/schreinerei-allbach.de\/wp-content\/uploads\/2024\/03\/Schrank-300x300.png 300w, https:\/\/schreinerei-allbach.de\/wp-content\/uploads\/2024\/03\/Schrank-150x150.png 150w\" sizes=\"(max-width: 600px) 100vw, 600px\" title=\"Einbauschrank\" alt=\"\" \t\tclass=\"so-widget-image\"\/>\n\t<\/div>\n\n<\/div><\/div><\/div><\/div><div id=\"pg-74-4\"  class=\"panel-grid panel-no-style\" ><div id=\"pgc-74-4-0\"  class=\"panel-grid-cell\" ><div id=\"panel-74-4-0-0\" class=\"so-panel widget widget_sow-editor panel-first-child panel-last-child\" data-index=\"10\" ><div\n\t\t\t\n\t\t\tclass=\"so-widget-sow-editor so-widget-sow-editor-base\"\n\t\t\t\n\t\t>\n<div class=\"siteorigin-widget-tinymce textwidget\">\n\t<p style=\"text-align: center;\"><strong>B\u00fcrom\u00f6bel - Schreibtisch und Aktenschr\u00e4nke<\/strong><\/p>\n<\/div>\n<\/div><\/div><\/div><div id=\"pgc-74-4-1\"  class=\"panel-grid-cell\" ><div id=\"panel-74-4-1-0\" class=\"so-panel widget widget_sow-editor panel-first-child panel-last-child\" data-index=\"11\" ><div\n\t\t\t\n\t\t\tclass=\"so-widget-sow-editor so-widget-sow-editor-base\"\n\t\t\t\n\t\t>\n<div class=\"siteorigin-widget-tinymce textwidget\">\n\t<p style=\"text-align: center;\"><strong>Kommode<\/strong><\/p>\n<\/div>\n<\/div><\/div><\/div><div id=\"pgc-74-4-2\"  class=\"panel-grid-cell\" ><div id=\"panel-74-4-2-0\" class=\"so-panel widget widget_sow-editor panel-first-child panel-last-child\" data-index=\"12\" ><div\n\t\t\t\n\t\t\tclass=\"so-widget-sow-editor so-widget-sow-editor-base\"\n\t\t\t\n\t\t>\n<div class=\"siteorigin-widget-tinymce textwidget\">\n\t<p style=\"text-align: center;\"><strong>Einbauschrank<\/strong><\/p>\n<\/div>\n<\/div><\/div><\/div><\/div><\/div>","protected":false},"excerpt":{"rendered":"<p>Auf dieser Seite finden Sie einen kleinen \u00dcberblick unser bisherigen Arbeiten aus den den Bereichen Hauseingangst\u00fcren, B\u00fcroeinrichtungen, M\u00f6bel&nbsp;sowie Verglasungen. Gerne fertigen wir auch ganz individuelle L\u00f6sungen nach ihren W\u00fcnschen und Vorstellungen. Sprechen Sie uns doch einfach an ! &nbsp; &nbsp;<\/p>\n","protected":false},"author":1,"featured_media":0,"parent":0,"menu_order":0,"comment_status":"closed","ping_status":"closed","template":"","meta":{"ngg_post_thumbnail":0,"footnotes":""},"class_list":["post-74","page","type-page","status-publish","hentry"],"_links":{"self":[{"href":"https:\/\/schreinerei-allbach.de\/index.php?rest_route=\/wp\/v2\/pages\/74","targetHints":{"allow":["GET"]}}],"collection":[{"href":"https:\/\/schreinerei-allbach.de\/index.php?rest_route=\/wp\/v2\/pages"}],"about":[{"href":"https:\/\/schreinerei-allbach.de\/index.php?rest_route=\/wp\/v2\/types\/page"}],"author":[{"embeddable":true,"href":"https:\/\/schreinerei-allbach.de\/index.php?rest_route=\/wp\/v2\/users\/1"}],"replies":[{"embeddable":true,"href":"https:\/\/schreinerei-allbach.de\/index.php?rest_route=%2Fwp%2Fv2%2Fcomments&post=74"}],"version-history":[{"count":36,"href":"https:\/\/schreinerei-allbach.de\/index.php?rest_route=\/wp\/v2\/pages\/74\/revisions"}],"predecessor-version":[{"id":416,"href":"https:\/\/schreinerei-allbach.de\/index.php?rest_route=\/wp\/v2\/pages\/74\/revisions\/416"}],"wp:attachment":[{"href":"https:\/\/schreinerei-allbach.de\/index.php?rest_route=%2Fwp%2Fv2%2Fmedia&parent=74"}],"curies":[{"name":"wp","href":"https:\/\/api.w.org\/{rel}","templated":true}]}}