{"id":53,"date":"2019-01-08T20:42:50","date_gmt":"2019-01-08T20:42:50","guid":{"rendered":"http:\/\/schreinerei-allbach.de\/?page_id=53"},"modified":"2020-06-30T08:01:28","modified_gmt":"2020-06-30T08:01:28","slug":"one-page-express","status":"publish","type":"page","link":"https:\/\/schreinerei-allbach.de\/","title":{"rendered":"Front Page"},"content":{"rendered":"<div  id=\"overlapable-2\" style=\"background-color: #ffffff;\" data-label=\"Overlapable\" data-id=\"stripped-coloured-icon-boxes\" data-category=\"overlapable\" class=\"features-coloured-icon-boxes-section\" data-overlap=\"true\">\n<div  class=\"gridContainer\">\n<div  class=\"features-coloured-icon-boxes-innerrow flexbox-list dark-text\" data-type=\"row\">\n<div  class=\"features-coloured-icon-boxes-featurecol cp3cols\">\n<div  class=\"features-coloured-icon-boxes-iconcontainer\" data-content-item-container=\"true\"><i  class=\"features-coloured-icon fa fa-address-book\" data-cp-fa=\"true\"><\/i><\/div>\n<h4  class=\"\">So erreichen Sie uns<\/h4>\n<p  class=\"\">Bruchstra\u00dfe 69,\n67098 Bad D\u00fcrkheim<\/p>\nTel:&nbsp;06322 67415\n\n<\/div>\n<div  class=\"features-coloured-icon-boxes-featurecol cp3cols\">\n<div  class=\"features-coloured-icon-boxes-iconcontainer\" data-content-item-container=\"true\"><i  class=\"features-coloured-icon fa fa-check-square-o\" data-cp-fa=\"true\"><\/i><\/div>\n<h4  class=\"\">Unsere Gesch\u00e4ftszeiten<\/h4>\n<p  class=\"\">Mo \u2013 Fr. 7 \u2013 12 Uhr<\/p>\n<p  class=\"\">Mo \u2013 Do 13 \u2013 17 Uhr<\/p>\n<p  class=\"\">\nSowie nach Vereinbarung<\/p>\n\n<\/div>\n<div  class=\"features-coloured-icon-boxes-featurecol cp3cols\">\n<div  class=\"features-coloured-icon-boxes-iconcontainer\" data-content-item-container=\"true\"><i  class=\"features-coloured-icon fa fa-file-image-o\" data-cp-fa=\"true\"><\/i><\/div>\n<h4  class=\"\">Unsere Gallerie<\/h4>\n<p  class=\"\">Sehen Sie sich unsere Firma doch gerne etwas genauer an und lernen Sie uns kennen.<\/p>\n<a class=\"button blue\" href=\"https:\/\/schreinerei-allbach.de?page_id=165\" target=\"_self\" rel=\"noopener noreferrer\">zur Galerie<\/a>\n\n<\/div>\n<div  class=\"features-coloured-icon-boxes-featurecol cp3cols\">\n<div  class=\"features-coloured-icon-boxes-iconcontainer\" data-content-item-container=\"true\"><i  class=\"features-coloured-icon fa fa-commenting-o\" data-cp-fa=\"true\"><\/i><\/div>\n<h4  class=\"\">Kontakt<\/h4>\n<p  class=\"\">Treten Sie mit uns in Kontakt.Wir freuen uns darauf, Sie kennenlernen zu d\u00fcrfen.<\/p>\n<a class=\"button blue\" href=\"https:\/\/schreinerei-allbach.de?page_id=90\" target=\"_self\" rel=\"noopener noreferrer\">Kontakt<\/a>\n\n<\/div>\n<\/div>\n<\/div>\n<\/div><div  id=\"about-1\" style=\"background-color: #f6f6f6;\" data-label=\"About\" data-id=\"about-big-images-section\" data-category=\"about\" class=\"about-big-images-section\">\n<div  class=\"gridContainer\">\n<div  class=\"about-big-images-textrow\">\n<div  class=\"about-big-images-textcol dynamic-color\" data-type=\"column\">\n<h5  class=\"\">Unsere Gesch\u00e4ftszeiten:<\/h5>\n<h3  class=\"\">Wir haben keine&nbsp;<span  href=\"#\" class=\"span25\">\u00d6ffnungszeiten <\/span>sondern Gesch\u00e4ftszeiten. Daher bitten wir Sie, vor Ihrem Besuch bei uns anzurufen,<\/h3>\num abzukl\u00e4ren ob B\u00fcro oder Werkstatt besetzt sind.\n<br  class=\"\"><br  class=\"\">\n\n\n\n<\/div>\n<\/div>\n<\/div>\n<div  class=\"about-big-images-bottomrow\">\n<div  class=\"about-big-images-rightimgcol\"><\/div>\n<\/div>\n<\/div><div  id=\"content-3\" style=\"background-color: #ffffff;\" data-label=\"Content\" data-id=\"content-image-left\" data-category=\"content\" class=\"content-left-image-section\">\n<div  class=\"gridContainer\">\n<div  class=\"row\">\n<div  class=\"content-left-image-imgcol\" data-type=\"column\"><img decoding=\"async\"  src=\"http:\/\/schreinerei-allbach.de\/wp-content\/uploads\/2019\/09\/BC3BCro1.jpg\" class=\"\"><\/div>\n<div  class=\"content-left-image-textcol dynamic-color\" data-type=\"column\">\n<h2  class=\"\">Ihr Partner f\u00fcr<\/h2>\n<p  class=\"large_text\">\u2013 exklusive Hauseingangst\u00fcren<\/p>\n<p  class=\"large_text\">\u2013 Zimmert\u00fcren<\/p>\n<p  class=\"large_text\">\u2013 B\u00fcroeinrichtungen<\/p>\n<p  class=\"large_text\">\u2013 Einbauk\u00fcchen<\/p>\n<p  class=\"large_text\">\u2013 M\u00f6bel<\/p>\n<p  class=\"large_text\">\u2013 Verglasungen<\/p>\n\n<\/div>\n<\/div>\n<\/div>\n<\/div>","protected":false},"excerpt":{"rendered":"<p>So erreichen Sie uns Bruchstra\u00dfe 69, 67098 Bad D\u00fcrkheim Tel:&nbsp;06322 67415 Unsere Gesch\u00e4ftszeiten Mo \u2013 Fr. 7 \u2013 12 Uhr Mo \u2013 Do 13 \u2013 17 Uhr Sowie nach Vereinbarung Unsere Gallerie Sehen Sie sich unsere Firma doch gerne etwas genauer an und lernen Sie uns kennen. zur Galerie Kontakt Treten Sie mit uns in&hellip; <br \/> <a class=\"button small blue\" href=\"https:\/\/schreinerei-allbach.de\/?p=1\">Weiterlesen<\/a><\/p>\n","protected":false},"author":1,"featured_media":0,"parent":0,"menu_order":0,"comment_status":"closed","ping_status":"closed","template":"","meta":{"ngg_post_thumbnail":0,"footnotes":""},"class_list":["post-53","page","type-page","status-publish","hentry"],"_links":{"self":[{"href":"https:\/\/schreinerei-allbach.de\/index.php?rest_route=\/wp\/v2\/pages\/53","targetHints":{"allow":["GET"]}}],"collection":[{"href":"https:\/\/schreinerei-allbach.de\/index.php?rest_route=\/wp\/v2\/pages"}],"about":[{"href":"https:\/\/schreinerei-allbach.de\/index.php?rest_route=\/wp\/v2\/types\/page"}],"author":[{"embeddable":true,"href":"https:\/\/schreinerei-allbach.de\/index.php?rest_route=\/wp\/v2\/users\/1"}],"replies":[{"embeddable":true,"href":"https:\/\/schreinerei-allbach.de\/index.php?rest_route=%2Fwp%2Fv2%2Fcomments&post=53"}],"version-history":[{"count":30,"href":"https:\/\/schreinerei-allbach.de\/index.php?rest_route=\/wp\/v2\/pages\/53\/revisions"}],"predecessor-version":[{"id":338,"href":"https:\/\/schreinerei-allbach.de\/index.php?rest_route=\/wp\/v2\/pages\/53\/revisions\/338"}],"wp:attachment":[{"href":"https:\/\/schreinerei-allbach.de\/index.php?rest_route=%2Fwp%2Fv2%2Fmedia&parent=53"}],"curies":[{"name":"wp","href":"https:\/\/api.w.org\/{rel}","templated":true}]}}