{"id":23,"date":"2018-12-21T12:54:36","date_gmt":"2018-12-21T12:54:36","guid":{"rendered":"http:\/\/schreinerei-allbach.de\/?page_id=23"},"modified":"2023-07-19T17:18:20","modified_gmt":"2023-07-19T17:18:20","slug":"impressum","status":"publish","type":"page","link":"https:\/\/schreinerei-allbach.de\/?page_id=23","title":{"rendered":"Impressum"},"content":{"rendered":"\r\n<h4 class=\"wp-block-heading\">Impressum<\/h4>\r\n<h4>\r\n\r\n<\/h4>\r\n<h4 class=\"wp-block-heading\">Angaben gem\u00e4\u00df \u00a7 5 TMG<\/h4>\r\n\r\n\r\n\r\n<p>Schreinerei Steffen Allbach GmbH<br>Bruchstra\u00dfe 69<br>67098 Bad D\u00fcrkheim<\/p>\r\n\r\n\r\n\r\n<p><strong>Vertreten durch den Gesch\u00e4ftsf\u00fchrer:<br><\/strong><br>Steffen Allbach<br>Tischler-Handwerksmeister<br><br>Handwerkskammer der Pfalz<br>Registereintrag: LU HRB 11382<br><br><strong>Kontakt<\/strong><\/p>\r\n\r\n\r\n\r\n\r\n\r\n<p>Telefon: 06322 67415<br>E-Mail: info@schreinerei-allbach.de<\/p>\r\n<p>&nbsp;<\/p>\r\n\r\n\r\n\r\n<h4 class=\"wp-block-heading\">Umsatzsteuer-ID<\/h4>\r\n\r\n\r\n\r\n<p>Umsatzsteuer-Identifikationsnummer gem\u00e4\u00df \u00a727 a Umsatzsteuergesetz:<br>DE189692972<\/p>\r\n<p>&nbsp;<\/p>\r\n\r\n\r\n\r\n<h4 class=\"wp-block-heading\">Angaben zur Berufshaftpflichtversicherung<\/h4>\r\n\r\n\r\n\r\n<p><strong>Inter Allgemeine Versicherung AG<\/strong><br>68016 Mannheim<\/p>\r\n\r\n\r\n\r\n<p><strong>Geltungsraum der Versicherung:<\/strong><br>Deutschland<\/p>\r\n<p>&nbsp;<\/p>\r\n\r\n\r\n\r\n<h4 class=\"wp-block-heading\">Streitschlichtung<\/h4>\r\n\r\n\r\n\r\n<p>Die Europ\u00e4ische Kommission stellt eine Plattform zur Online-Streitbeilegung (OS) bereit: <a href=\"https:\/\/ec.europa.eu\/consumers\/odr\" target=\"_blank\" rel=\"noopener noreferrer\">https:\/\/ec.europa.eu\/consumers\/odr<\/a>.<br>Unsere E-Mail-Adresse finden Sie oben im Impressum.<\/p>\r\n\r\n\r\n\r\n<p>Wir sind nicht bereit oder verpflichtet, an Streitbeilegungsverfahren vor einer Verbraucherschlichtungsstelle teilzunehmen.<\/p>\r\n\r\n\r\n\r\n<h4 class=\"wp-block-heading\">Haftung f\u00fcr Inhalte<\/h4>\r\n\r\n\r\n\r\n<p>Als Diensteanbieter sind wir gem\u00e4\u00df \u00a7 7 Abs.1 TMG f\u00fcr eigene Inhalte auf diesen Seiten nach den allgemeinen Gesetzen verantwortlich. Nach \u00a7\u00a7 8 bis 10 TMG sind wir als Diensteanbieter jedoch nicht verpflichtet, \u00fcbermittelte oder gespeicherte fremde Informationen zu \u00fcberwachen oder nach Umst\u00e4nden zu forschen, die auf eine rechtswidrige T\u00e4tigkeit hinweisen.<\/p>\r\n\r\n\r\n\r\n<p>Verpflichtungen zur Entfernung oder Sperrung der Nutzung von Informationen nach den allgemeinen Gesetzen bleiben hiervon unber\u00fchrt. Eine diesbez\u00fcgliche Haftung ist jedoch erst ab dem Zeitpunkt der Kenntnis einer konkreten Rechtsverletzung m\u00f6glich. Bei Bekanntwerden von entsprechenden Rechtsverletzungen werden wir diese Inhalte umgehend entfernen.<\/p>\r\n\r\n\r\n\r\n<h4 class=\"wp-block-heading\">Haftung f\u00fcr Links<\/h4>\r\n\r\n\r\n\r\n<p>Unser Angebot enth\u00e4lt Links zu externen Websites Dritter, auf deren Inhalte wir keinen Einfluss haben. Deshalb k\u00f6nnen wir f\u00fcr diese fremden Inhalte auch keine Gew\u00e4hr \u00fcbernehmen. F\u00fcr die Inhalte der verlinkten Seiten ist stets der jeweilige Anbieter oder Betreiber der Seiten verantwortlich. Die verlinkten Seiten wurden zum Zeitpunkt der Verlinkung auf m\u00f6gliche Rechtsverst\u00f6\u00dfe \u00fcberpr\u00fcft. Rechtswidrige Inhalte waren zum Zeitpunkt der Verlinkung nicht erkennbar.<\/p>\r\n\r\n\r\n\r\n<p>Eine permanente inhaltliche Kontrolle der verlinkten Seiten ist jedoch ohne konkrete Anhaltspunkte einer Rechtsverletzung nicht zumutbar. Bei Bekanntwerden von Rechtsverletzungen werden wir derartige Links umgehend entfernen.<\/p>\r\n\r\n\r\n\r\n<h4 class=\"wp-block-heading\">Urheberrecht<\/h4>\r\n\r\n\r\n\r\n<p>Die durch die Seitenbetreiber erstellten Inhalte und Werke auf diesen Seiten unterliegen dem deutschen Urheberrecht. Die Vervielf\u00e4ltigung, Bearbeitung, Verbreitung und jede Art der Verwertung au\u00dferhalb der Grenzen des Urheberrechtes bed\u00fcrfen der schriftlichen Zustimmung des jeweiligen Autors bzw. Erstellers. Downloads und Kopien dieser Seite sind nur f\u00fcr den privaten, nicht kommerziellen Gebrauch gestattet.<\/p>\r\n\r\n\r\n\r\n<p>Soweit die Inhalte auf dieser Seite nicht vom Betreiber erstellt wurden, werden die Urheberrechte Dritter beachtet. Insbesondere werden Inhalte Dritter als solche gekennzeichnet. Sollten Sie trotzdem auf eine Urheberrechtsverletzung aufmerksam werden, bitten wir um einen entsprechenden Hinweis. Bei Bekanntwerden von Rechtsverletzungen werden wir derartige Inhalte umgehend entfernen.<\/p>\r\n\r\n\r\n\r\n<p>Quelle: <a href=\"https:\/\/www.e-recht24.de\/impressum-generator.html\">https:\/\/www.e-recht24.de\/impressum-generator.html<\/a><br><br><br><br><em><strong>Webdesign und Programmierung:<\/strong><\/em><br><br><\/p>\r\n<h5><b>ROHIL IT<br>Computernotdienst<br>Mediengestaltung<br>IT-Support<\/b><\/h5>\r\n<p>Hauptstra\u00dfe 61<br>67471 Elmstein<br>Mobil: 0173&nbsp; &#8211;&nbsp; 468 569 4<br>Tel: 06328&nbsp; &#8211;&nbsp; 989 85 66<br>E-Mail: info@rohil.it<\/p>\r\n","protected":false},"excerpt":{"rendered":"<p>Impressum Angaben gem\u00e4\u00df \u00a7 5 TMG Schreinerei Steffen Allbach GmbHBruchstra\u00dfe 6967098 Bad D\u00fcrkheim Vertreten durch den Gesch\u00e4ftsf\u00fchrer:Steffen AllbachTischler-Handwerksmeister Handwerkskammer der PfalzRegistereintrag: LU HRB 11382 Kontakt Telefon: 06322 67415E-Mail: info@schreinerei-allbach.de &nbsp; Umsatzsteuer-ID Umsatzsteuer-Identifikationsnummer gem\u00e4\u00df \u00a727 a Umsatzsteuergesetz:DE189692972 &nbsp; Angaben zur Berufshaftpflichtversicherung Inter Allgemeine Versicherung AG68016 Mannheim Geltungsraum der Versicherung:Deutschland &nbsp; Streitschlichtung Die Europ\u00e4ische Kommission stellt eine&hellip; <br \/> <a class=\"button small blue\" href=\"https:\/\/schreinerei-allbach.de\/?page_id=23\">Weiterlesen<\/a><\/p>\n","protected":false},"author":1,"featured_media":0,"parent":0,"menu_order":0,"comment_status":"closed","ping_status":"closed","template":"","meta":{"ngg_post_thumbnail":0,"footnotes":""},"class_list":["post-23","page","type-page","status-publish","hentry"],"_links":{"self":[{"href":"https:\/\/schreinerei-allbach.de\/index.php?rest_route=\/wp\/v2\/pages\/23","targetHints":{"allow":["GET"]}}],"collection":[{"href":"https:\/\/schreinerei-allbach.de\/index.php?rest_route=\/wp\/v2\/pages"}],"about":[{"href":"https:\/\/schreinerei-allbach.de\/index.php?rest_route=\/wp\/v2\/types\/page"}],"author":[{"embeddable":true,"href":"https:\/\/schreinerei-allbach.de\/index.php?rest_route=\/wp\/v2\/users\/1"}],"replies":[{"embeddable":true,"href":"https:\/\/schreinerei-allbach.de\/index.php?rest_route=%2Fwp%2Fv2%2Fcomments&post=23"}],"version-history":[{"count":10,"href":"https:\/\/schreinerei-allbach.de\/index.php?rest_route=\/wp\/v2\/pages\/23\/revisions"}],"predecessor-version":[{"id":381,"href":"https:\/\/schreinerei-allbach.de\/index.php?rest_route=\/wp\/v2\/pages\/23\/revisions\/381"}],"wp:attachment":[{"href":"https:\/\/schreinerei-allbach.de\/index.php?rest_route=%2Fwp%2Fv2%2Fmedia&parent=23"}],"curies":[{"name":"wp","href":"https:\/\/api.w.org\/{rel}","templated":true}]}}